{"id":13439,"date":"2021-04-12T11:46:57","date_gmt":"2021-04-12T09:46:57","guid":{"rendered":"https:\/\/ecole-travelling.com\/cinema\/?page_id=13439"},"modified":"2023-06-20T12:24:17","modified_gmt":"2023-06-20T10:24:17","slug":"votre-voeu-parcours-sup","status":"publish","type":"page","link":"https:\/\/ecole-travelling.com\/cinema\/votre-voeu-parcours-sup\/","title":{"rendered":"Votre voeu Parcours Sup"},"content":{"rendered":"\t\t<div data-elementor-type=\"wp-post\" data-elementor-id=\"13439\" class=\"elementor elementor-13439\" data-elementor-post-type=\"page\">\n\t\t\t\t\t\t<section data-dce-background-image-url=\"https:\/\/ecole-travelling.com\/cinema\/wp-content\/uploads\/2018\/11\/bg-header-page.png\" class=\"elementor-section elementor-top-section elementor-element elementor-element-32ca8de elementor-section-full_width elementor-section-height-min-height elementor-section-content-middle elementor-hidden-phone elementor-section-height-default elementor-section-items-middle\" data-id=\"32ca8de\" data-element_type=\"section\" data-e-type=\"section\" data-settings=\"{&quot;background_background&quot;:&quot;classic&quot;}\">\n\t\t\t\t\t\t<div class=\"elementor-container elementor-column-gap-default\">\n\t\t\t\t\t<div data-dce-background-color=\"#001323\" class=\"elementor-column elementor-col-33 elementor-top-column elementor-element elementor-element-d8d515b diag nodiag\" data-id=\"d8d515b\" data-element_type=\"column\" data-e-type=\"column\" data-settings=\"{&quot;background_background&quot;:&quot;classic&quot;}\">\n\t\t\t<div class=\"elementor-widget-wrap elementor-element-populated\">\n\t\t\t\t\t\t<section class=\"elementor-section elementor-inner-section elementor-element elementor-element-9d4c4d6 elementor-section-boxed elementor-section-height-default elementor-section-height-default\" data-id=\"9d4c4d6\" data-element_type=\"section\" data-e-type=\"section\" data-settings=\"{&quot;background_background&quot;:&quot;classic&quot;}\">\n\t\t\t\t\t\t<div class=\"elementor-container elementor-column-gap-default\">\n\t\t\t\t\t<div class=\"elementor-column elementor-col-100 elementor-inner-column elementor-element elementor-element-64d03d2\" data-id=\"64d03d2\" data-element_type=\"column\" data-e-type=\"column\">\n\t\t\t<div class=\"elementor-widget-wrap\">\n\t\t\t\t\t\t\t<\/div>\n\t\t<\/div>\n\t\t\t\t\t<\/div>\n\t\t<\/section>\n\t\t\t\t\t<\/div>\n\t\t<\/div>\n\t\t\t\t<div class=\"elementor-column elementor-col-66 elementor-top-column elementor-element elementor-element-196386f\" data-id=\"196386f\" data-element_type=\"column\" data-e-type=\"column\">\n\t\t\t<div class=\"elementor-widget-wrap\">\n\t\t\t\t\t\t\t<\/div>\n\t\t<\/div>\n\t\t\t\t\t<\/div>\n\t\t<\/section>\n\t\t\t\t<section class=\"elementor-section elementor-top-section elementor-element elementor-element-640ecbb elementor-section-full_width elementor-section-content-middle elementor-section-height-default elementor-section-height-default\" data-id=\"640ecbb\" data-element_type=\"section\" data-e-type=\"section\" id=\"stickp\" data-settings=\"{&quot;background_background&quot;:&quot;classic&quot;}\">\n\t\t\t\t\t\t<div class=\"elementor-container elementor-column-gap-default\">\n\t\t\t\t\t<div data-dce-background-color=\"#001323\" data-dce-background-image-url=\"https:\/\/ecole-travelling.com\/cinema\/wp-content\/uploads\/2018\/11\/cerclev5.png\" class=\"elementor-column elementor-col-33 elementor-top-column elementor-element elementor-element-6427927 diag nodiag\" data-id=\"6427927\" data-element_type=\"column\" data-e-type=\"column\" data-settings=\"{&quot;background_background&quot;:&quot;classic&quot;}\">\n\t\t\t<div class=\"elementor-widget-wrap elementor-element-populated\">\n\t\t\t\t\t\t<section class=\"elementor-section elementor-inner-section elementor-element elementor-element-2057cc4 elementor-section-boxed elementor-section-height-default elementor-section-height-default\" data-id=\"2057cc4\" data-element_type=\"section\" data-e-type=\"section\" data-settings=\"{&quot;background_background&quot;:&quot;classic&quot;}\">\n\t\t\t\t\t\t<div class=\"elementor-container elementor-column-gap-default\">\n\t\t\t\t\t<div data-dce-background-image-url=\"https:\/\/ecole-travelling.com\/cinema\/wp-content\/uploads\/2018\/11\/facade.jpg\" class=\"elementor-column elementor-col-100 elementor-inner-column elementor-element elementor-element-1835d5c\" data-id=\"1835d5c\" data-element_type=\"column\" data-e-type=\"column\" data-settings=\"{&quot;background_background&quot;:&quot;classic&quot;}\">\n\t\t\t<div class=\"elementor-widget-wrap elementor-element-populated\">\n\t\t\t\t\t\t<div class=\"elementor-element elementor-element-e7a8fd4 elementor-widget elementor-widget-image\" data-id=\"e7a8fd4\" data-element_type=\"widget\" data-e-type=\"widget\" data-widget_type=\"image.default\">\n\t\t\t\t<div class=\"elementor-widget-container\">\n\t\t\t\t\t\t\t\t\t\t\t\t\t\t\t<img fetchpriority=\"high\" decoding=\"async\" width=\"676\" height=\"677\" src=\"https:\/\/ecole-travelling.com\/cinema\/wp-content\/uploads\/2018\/11\/illustration.png\" class=\"attachment-large size-large wp-image-1744\" alt=\"\" srcset=\"https:\/\/ecole-travelling.com\/cinema\/wp-content\/uploads\/2018\/11\/illustration.png 676w, https:\/\/ecole-travelling.com\/cinema\/wp-content\/uploads\/2018\/11\/illustration-150x150.png 150w, https:\/\/ecole-travelling.com\/cinema\/wp-content\/uploads\/2018\/11\/illustration-300x300.png 300w, https:\/\/ecole-travelling.com\/cinema\/wp-content\/uploads\/2018\/11\/illustration-60x60.png 60w\" sizes=\"(max-width: 676px) 100vw, 676px\" \/>\t\t\t\t\t\t\t\t\t\t\t\t\t\t\t<\/div>\n\t\t\t\t<\/div>\n\t\t\t\t\t<\/div>\n\t\t<\/div>\n\t\t\t\t\t<\/div>\n\t\t<\/section>\n\t\t\t\t\t<\/div>\n\t\t<\/div>\n\t\t\t\t<div class=\"elementor-column elementor-col-66 elementor-top-column elementor-element elementor-element-b7bb745\" data-id=\"b7bb745\" data-element_type=\"column\" data-e-type=\"column\">\n\t\t\t<div class=\"elementor-widget-wrap elementor-element-populated\">\n\t\t\t\t\t\t<section class=\"elementor-section elementor-inner-section elementor-element elementor-element-dee6aca elementor-section-boxed elementor-section-height-default elementor-section-height-default\" data-id=\"dee6aca\" data-element_type=\"section\" data-e-type=\"section\" data-settings=\"{&quot;background_background&quot;:&quot;classic&quot;}\">\n\t\t\t\t\t\t<div class=\"elementor-container elementor-column-gap-default\">\n\t\t\t\t\t<div class=\"elementor-column elementor-col-100 elementor-inner-column elementor-element elementor-element-a1d287d diag\" data-id=\"a1d287d\" data-element_type=\"column\" data-e-type=\"column\">\n\t\t\t<div class=\"elementor-widget-wrap elementor-element-populated\">\n\t\t\t\t\t\t<div data-dce-title-color=\"#001323\" data-dce-advanced-background-color=\"#ffffff\" class=\"elementor-element elementor-element-7055a43 elementor-widget elementor-widget-heading\" data-id=\"7055a43\" data-element_type=\"widget\" data-e-type=\"widget\" data-widget_type=\"heading.default\">\n\t\t\t\t<div class=\"elementor-widget-container\">\n\t\t\t\t\t<h1 class=\"elementor-heading-title elementor-size-default\">Votre voeu Parcours Sup<\/h1>\t\t\t\t<\/div>\n\t\t\t\t<\/div>\n\t\t\t\t<div data-dce-title-color=\"#ffd503\" data-dce-advanced-background-color=\"#001323\" class=\"elementor-element elementor-element-ef50cae elementor-widget elementor-widget-heading\" data-id=\"ef50cae\" data-element_type=\"widget\" data-e-type=\"widget\" data-widget_type=\"heading.default\">\n\t\t\t\t<div class=\"elementor-widget-container\">\n\t\t\t\t\t<h1 class=\"elementor-heading-title elementor-size-default\">ACTUS<\/h1>\t\t\t\t<\/div>\n\t\t\t\t<\/div>\n\t\t\t\t\t<\/div>\n\t\t<\/div>\n\t\t\t\t\t<\/div>\n\t\t<\/section>\n\t\t\t\t<section class=\"elementor-section elementor-inner-section elementor-element elementor-element-6454bbc diag nodiag elementor-section-boxed elementor-section-height-default elementor-section-height-default\" data-id=\"6454bbc\" data-element_type=\"section\" data-e-type=\"section\" data-settings=\"{&quot;background_background&quot;:&quot;classic&quot;}\">\n\t\t\t\t\t\t<div class=\"elementor-container elementor-column-gap-default\">\n\t\t\t\t\t<div data-dce-background-color=\"#ffffff\" class=\"elementor-column elementor-col-100 elementor-inner-column elementor-element elementor-element-37ce05b\" data-id=\"37ce05b\" data-element_type=\"column\" data-e-type=\"column\" data-settings=\"{&quot;background_background&quot;:&quot;classic&quot;}\">\n\t\t\t<div class=\"elementor-widget-wrap elementor-element-populated\">\n\t\t\t\t\t\t<div class=\"elementor-element elementor-element-922fb2e elementor-widget elementor-widget-heading\" data-id=\"922fb2e\" data-element_type=\"widget\" data-e-type=\"widget\" data-widget_type=\"heading.default\">\n\t\t\t\t<div class=\"elementor-widget-container\">\n\t\t\t\t\t<h2 class=\"elementor-heading-title elementor-size-default\">Confirmation de votre voeu Parcours Sup <\/h2>\t\t\t\t<\/div>\n\t\t\t\t<\/div>\n\t\t\t\t<div class=\"elementor-element elementor-element-a5bf8f8 elementor-widget elementor-widget-text-editor\" data-id=\"a5bf8f8\" data-element_type=\"widget\" data-e-type=\"widget\" data-widget_type=\"text-editor.default\">\n\t\t\t\t<div class=\"elementor-widget-container\">\n\t\t\t\t\t\t\t\t\t<h4>Frais de scolarit\u00e9 :<\/h4><ul><li>1\u00e8re ann\u00e9e : 6 800\u20ac<\/li><li>2\u00e8me ann\u00e9e : 6 800\u20ac<\/li><\/ul><h4>Les modalit\u00e9s des \u00e9preuves de s\u00e9lection:<\/h4><p>L&rsquo;\u00e9cole \u00e9tudie tous les dossiers re\u00e7us. Si vous \u00eates s\u00e9lectionn\u00e9, nous vous contactons pour fixer un entretien d&rsquo;admission avec la direction de l&rsquo;\u00e9cole. Ensuite une commission se r\u00e9unit afin de d\u00e9lib\u00e9rer et nous vous communiquons le r\u00e9sultat.<br \/>Si vous \u00eates accept\u00e9, l&rsquo;\u00e9cole attendra sous 10 jours les derniers \u00e9l\u00e9ments dont les 500 euros d&rsquo;acompte pour enregistrer votre inscription.<\/p>\t\t\t\t\t\t\t\t<\/div>\n\t\t\t\t<\/div>\n\t\t\t\t<div class=\"elementor-element elementor-element-591f6fe elementor-button-align-stretch elementor-widget elementor-widget-form\" data-id=\"591f6fe\" data-element_type=\"widget\" data-e-type=\"widget\" data-settings=\"{&quot;step_next_label&quot;:&quot;Suivant&quot;,&quot;step_previous_label&quot;:&quot;Pr\\u00e9c\\u00e9dent&quot;,&quot;button_width&quot;:&quot;100&quot;,&quot;step_type&quot;:&quot;number_text&quot;,&quot;step_icon_shape&quot;:&quot;circle&quot;}\" data-widget_type=\"form.default\">\n\t\t\t\t<div class=\"elementor-widget-container\">\n\t\t\t\t\t\t\t<form class=\"elementor-form\" method=\"post\" id=\"parcoursup\" name=\"Confirmation Parcours Sup\" aria-label=\"Confirmation Parcours Sup\">\n\t\t\t<input type=\"hidden\" name=\"post_id\" value=\"13439\"\/>\n\t\t\t<input type=\"hidden\" name=\"form_id\" value=\"591f6fe\"\/>\n\t\t\t<input type=\"hidden\" name=\"referer_title\" value=\"Votre voeu Parcours Sup | Travelling\" \/>\n\n\t\t\t\t\t\t\t<input type=\"hidden\" name=\"queried_id\" value=\"13439\"\/>\n\t\t\t\n\t\t\t<div class=\"elementor-form-fields-wrapper elementor-labels-\">\n\t\t\t\t\t\t\t\t<div class=\"elementor-field-type-html elementor-field-group elementor-column elementor-field-group-field_5421757 elementor-col-100\">\n\t\t\t\t\t<h4>Confirmation de vos nom et pr\u00e9nom *<\/h4>\t\t\t\t<\/div>\n\t\t\t\t\t\t\t\t<div class=\"elementor-field-type-text elementor-field-group elementor-column elementor-field-group-prenom elementor-col-50 elementor-field-required\">\n\t\t\t\t\t\t\t\t\t\t\t\t<label for=\"form-field-prenom\" class=\"elementor-field-label elementor-screen-only\">\n\t\t\t\t\t\t\t\tPr\u00e9nom\t\t\t\t\t\t\t<\/label>\n\t\t\t\t\t\t\t\t\t\t\t\t\t\t<input size=\"1\" type=\"text\" name=\"form_fields[prenom]\" id=\"form-field-prenom\" class=\"elementor-field elementor-size-sm  elementor-field-textual\" placeholder=\"Pr\u00e9nom\" required=\"required\">\n\t\t\t\t\t\t\t\t\t\t\t<\/div>\n\t\t\t\t\t\t\t\t<div class=\"elementor-field-type-text elementor-field-group elementor-column elementor-field-group-nom elementor-col-50 elementor-field-required\">\n\t\t\t\t\t\t\t\t\t\t\t\t<label for=\"form-field-nom\" class=\"elementor-field-label elementor-screen-only\">\n\t\t\t\t\t\t\t\tNom\t\t\t\t\t\t\t<\/label>\n\t\t\t\t\t\t\t\t\t\t\t\t\t\t<input size=\"1\" type=\"text\" name=\"form_fields[nom]\" id=\"form-field-nom\" class=\"elementor-field elementor-size-sm  elementor-field-textual\" placeholder=\"Nom\" required=\"required\">\n\t\t\t\t\t\t\t\t\t\t\t<\/div>\n\t\t\t\t\t\t\t\t<div class=\"elementor-field-type-dce_form_signature elementor-field-group elementor-column elementor-field-group-field_a1b92f2 elementor-col-100\">\n\t\t\t\t\t\t\t\t\t\t\t\t<label for=\"form-field-field_a1b92f2\" class=\"elementor-field-label elementor-screen-only\">\n\t\t\t\t\t\t\t\tSignature\t\t\t\t\t\t\t<\/label>\n\t\t\t\t\t\t\t\t<div style=\"width: 100%; display: block;\">\n\t\t\t<div class=\"dce-signature-wrapper\" style=\"width: var(--canvas-width); min-width: 200px;\">\n\t\t\t\t<div style=\"position: relative; display: inline-block; width: 100%;\">\n\t\t\t\t\t<button type=\"button\"\n\t\t\t\t\t\t\tclass=\"dce-signature-button-clear\"\n\t\t\t\t\t\t\tdata-action=\"clear\"\n\t\t\t\t\t\t\tstyle=\"position: absolute; top: 0; right: 0; z-index: 10;\">\n\t\t\t\t\t\t<svg class=\"e-font-icon-svg e-eicon-close\" viewBox=\"0 0 1000 1000\" xmlns=\"http:\/\/www.w3.org\/2000\/svg\"><path d=\"M742 167L500 408 258 167C246 154 233 150 217 150 196 150 179 158 167 167 154 179 150 196 150 212 150 229 154 242 171 254L408 500 167 742C138 771 138 800 167 829 196 858 225 858 254 829L496 587 738 829C750 842 767 846 783 846 800 846 817 842 829 829 842 817 846 804 846 783 846 767 842 750 829 737L588 500 833 258C863 229 863 200 833 171 804 137 775 137 742 167Z\"><\/path><\/svg>\t\t\t\t\t<\/button>\n\t\t\t\t\t<input type=\"dce_form_signature\" name=\"form_fields[field_a1b92f2]\" id=\"form-field-field_a1b92f2\" class=\"elementor-field elementor-size-sm \" style=\"width: 0; height: 0; opacity: 0; position: absolute; pointer-events: none;\">\n\t\t\t\t\t<canvas class=\"dce-signature-canvas\" data-pen-color=\"#000000\" data-background-color=\"#ffffff\" data-jpeg=\"no\" data-aspect-ratio=\"2\" width=\"1\" height=\"1\" style=\"width: 100%; height: calc(100% \/ 2); border-style: solid; touch-action: none; user-select: none;\"><\/canvas>\n\t\t\t\t<\/div>\n\t\t\t<\/div>\n\t\t<\/div>\n\t\t\t\t\t\t<\/div>\n\t\t\t\t\t\t\t\t<div class=\"elementor-field-group elementor-column elementor-field-type-submit elementor-col-100 e-form__buttons\">\n\t\t\t\t\t<button class=\"elementor-button elementor-size-sm\" type=\"submit\">\n\t\t\t\t\t\t<span class=\"elementor-button-content-wrapper\">\n\t\t\t\t\t\t\t\t\t\t\t\t\t\t\t\t\t\t\t\t\t\t<span class=\"elementor-button-text\">Confirmer<\/span>\n\t\t\t\t\t\t\t\t\t\t\t\t\t<\/span>\n\t\t\t\t\t<\/button>\n\t\t\t\t<\/div>\n\t\t\t<\/div>\n\t\t<\/form>\n\t\t\t\t\t\t<\/div>\n\t\t\t\t<\/div>\n\t\t\t\t\t<\/div>\n\t\t<\/div>\n\t\t\t\t\t<\/div>\n\t\t<\/section>\n\t\t\t\t\t<\/div>\n\t\t<\/div>\n\t\t\t\t\t<\/div>\n\t\t<\/section>\n\t\t\t\t<\/div>\n\t\t","protected":false},"excerpt":{"rendered":"<p>Votre voeu Parcours Sup ACTUS Confirmation de votre voeu Parcours Sup Frais de scolarit\u00e9 : 1\u00e8re ann\u00e9e : 6 800\u20ac 2\u00e8me ann\u00e9e : 6 800\u20ac Les modalit\u00e9s des \u00e9preuves de s\u00e9lection: L&rsquo;\u00e9cole \u00e9tudie tous les dossiers re\u00e7us. Si vous \u00eates s\u00e9lectionn\u00e9, nous vous contactons pour fixer un entretien d&rsquo;admission avec la direction de l&rsquo;\u00e9cole. Ensuite [&hellip;]<\/p>\n","protected":false},"author":1,"featured_media":0,"parent":0,"menu_order":0,"comment_status":"closed","ping_status":"closed","template":"","meta":{"_acf_changed":false,"_mo_disable_npp":"","inline_featured_image":false,"footnotes":""},"class_list":["post-13439","page","type-page","status-publish","hentry"],"acf":[],"aioseo_notices":[],"_links":{"self":[{"href":"https:\/\/ecole-travelling.com\/cinema\/wp-json\/wp\/v2\/pages\/13439","targetHints":{"allow":["GET"]}}],"collection":[{"href":"https:\/\/ecole-travelling.com\/cinema\/wp-json\/wp\/v2\/pages"}],"about":[{"href":"https:\/\/ecole-travelling.com\/cinema\/wp-json\/wp\/v2\/types\/page"}],"author":[{"embeddable":true,"href":"https:\/\/ecole-travelling.com\/cinema\/wp-json\/wp\/v2\/users\/1"}],"replies":[{"embeddable":true,"href":"https:\/\/ecole-travelling.com\/cinema\/wp-json\/wp\/v2\/comments?post=13439"}],"version-history":[{"count":0,"href":"https:\/\/ecole-travelling.com\/cinema\/wp-json\/wp\/v2\/pages\/13439\/revisions"}],"wp:attachment":[{"href":"https:\/\/ecole-travelling.com\/cinema\/wp-json\/wp\/v2\/media?parent=13439"}],"curies":[{"name":"wp","href":"https:\/\/api.w.org\/{rel}","templated":true}]}}